{"id":2790,"date":"2021-07-23T14:56:51","date_gmt":"2021-07-23T13:56:51","guid":{"rendered":"https:\/\/alcuservice.hu\/?post_type=product&#038;p=2790"},"modified":"2025-02-20T10:04:54","modified_gmt":"2025-02-20T09:04:54","slug":"haztartasi-vorosrez-30-kg-felett","status":"publish","type":"product","link":"https:\/\/alcuservice.hu\/en_uk\/product\/haztartasi-vorosrez-30-kg-felett\/","title":{"rendered":"H\u00e1ztart\u00e1si v\u00f6r\u00f6sr\u00e9z 20 Kg felett"},"content":{"rendered":"","protected":false},"excerpt":{"rendered":"","protected":false},"featured_media":465,"template":"","meta":{"_mi_skip_tracking":false},"product_cat":[138],"product_tag":[],"_links":{"self":[{"href":"https:\/\/alcuservice.hu\/en_uk\/wp-json\/wp\/v2\/product\/2790"}],"collection":[{"href":"https:\/\/alcuservice.hu\/en_uk\/wp-json\/wp\/v2\/product"}],"about":[{"href":"https:\/\/alcuservice.hu\/en_uk\/wp-json\/wp\/v2\/types\/product"}],"wp:featuredmedia":[{"embeddable":true,"href":"https:\/\/alcuservice.hu\/en_uk\/wp-json\/wp\/v2\/media\/465"}],"wp:attachment":[{"href":"https:\/\/alcuservice.hu\/en_uk\/wp-json\/wp\/v2\/media?parent=2790"}],"wp:term":[{"taxonomy":"product_cat","embeddable":true,"href":"https:\/\/alcuservice.hu\/en_uk\/wp-json\/wp\/v2\/product_cat?post=2790"},{"taxonomy":"product_tag","embeddable":true,"href":"https:\/\/alcuservice.hu\/en_uk\/wp-json\/wp\/v2\/product_tag?post=2790"}],"curies":[{"name":"wp","href":"https:\/\/api.w.org\/{rel}","templated":true}]}}