{"id":2788,"date":"2021-07-23T14:51:58","date_gmt":"2021-07-23T13:51:58","guid":{"rendered":"https:\/\/alcuservice.hu\/?post_type=product&#038;p=2788"},"modified":"2025-02-20T10:05:39","modified_gmt":"2025-02-20T09:05:39","slug":"cu-kabel-csatt-nelkul-30-kg-felett","status":"publish","type":"product","link":"https:\/\/alcuservice.hu\/en_uk\/product\/cu-kabel-csatt-nelkul-30-kg-felett\/","title":{"rendered":"Cu k\u00e1bel csatt n\u00e9lk\u00fcl 20 Kg felett"},"content":{"rendered":"","protected":false},"excerpt":{"rendered":"","protected":false},"featured_media":466,"template":"","meta":{"_mi_skip_tracking":false},"product_cat":[138],"product_tag":[],"_links":{"self":[{"href":"https:\/\/alcuservice.hu\/en_uk\/wp-json\/wp\/v2\/product\/2788"}],"collection":[{"href":"https:\/\/alcuservice.hu\/en_uk\/wp-json\/wp\/v2\/product"}],"about":[{"href":"https:\/\/alcuservice.hu\/en_uk\/wp-json\/wp\/v2\/types\/product"}],"wp:featuredmedia":[{"embeddable":true,"href":"https:\/\/alcuservice.hu\/en_uk\/wp-json\/wp\/v2\/media\/466"}],"wp:attachment":[{"href":"https:\/\/alcuservice.hu\/en_uk\/wp-json\/wp\/v2\/media?parent=2788"}],"wp:term":[{"taxonomy":"product_cat","embeddable":true,"href":"https:\/\/alcuservice.hu\/en_uk\/wp-json\/wp\/v2\/product_cat?post=2788"},{"taxonomy":"product_tag","embeddable":true,"href":"https:\/\/alcuservice.hu\/en_uk\/wp-json\/wp\/v2\/product_tag?post=2788"}],"curies":[{"name":"wp","href":"https:\/\/api.w.org\/{rel}","templated":true}]}}