{"id":2730,"date":"2021-04-22T09:33:58","date_gmt":"2021-04-22T08:33:58","guid":{"rendered":"https:\/\/alcuservice.hu\/?post_type=product&#038;p=2730"},"modified":"2025-02-20T10:19:54","modified_gmt":"2025-02-20T09:19:54","slug":"vorosrez-hulladek-30kg-tol","status":"publish","type":"product","link":"https:\/\/alcuservice.hu\/en_uk\/product\/vorosrez-hulladek-30kg-tol\/","title":{"rendered":"V\u00f6r\u00f6sr\u00e9z hullad\u00e9k 20 Kg felett"},"content":{"rendered":"","protected":false},"excerpt":{"rendered":"","protected":false},"featured_media":464,"template":"","meta":{"_mi_skip_tracking":false},"product_cat":[138],"product_tag":[145,152,150,141,142,151,140,146],"_links":{"self":[{"href":"https:\/\/alcuservice.hu\/en_uk\/wp-json\/wp\/v2\/product\/2730"}],"collection":[{"href":"https:\/\/alcuservice.hu\/en_uk\/wp-json\/wp\/v2\/product"}],"about":[{"href":"https:\/\/alcuservice.hu\/en_uk\/wp-json\/wp\/v2\/types\/product"}],"wp:featuredmedia":[{"embeddable":true,"href":"https:\/\/alcuservice.hu\/en_uk\/wp-json\/wp\/v2\/media\/464"}],"wp:attachment":[{"href":"https:\/\/alcuservice.hu\/en_uk\/wp-json\/wp\/v2\/media?parent=2730"}],"wp:term":[{"taxonomy":"product_cat","embeddable":true,"href":"https:\/\/alcuservice.hu\/en_uk\/wp-json\/wp\/v2\/product_cat?post=2730"},{"taxonomy":"product_tag","embeddable":true,"href":"https:\/\/alcuservice.hu\/en_uk\/wp-json\/wp\/v2\/product_tag?post=2730"}],"curies":[{"name":"wp","href":"https:\/\/api.w.org\/{rel}","templated":true}]}}