{"id":2646,"date":"2021-01-27T10:59:07","date_gmt":"2021-01-27T09:59:07","guid":{"rendered":"http:\/\/alcuservice.hu\/?post_type=product&#038;p=2646"},"modified":"2021-01-27T10:59:08","modified_gmt":"2021-01-27T09:59:08","slug":"sargarez-forgacs","status":"publish","type":"product","link":"https:\/\/alcuservice.hu\/en_uk\/product\/sargarez-forgacs\/","title":{"rendered":"S\u00e1rgar\u00e9z- Forg\u00e1cs"},"content":{"rendered":"","protected":false},"excerpt":{"rendered":"","protected":false},"featured_media":0,"template":"","meta":{"_mi_skip_tracking":false},"product_cat":[126],"product_tag":[],"_links":{"self":[{"href":"https:\/\/alcuservice.hu\/en_uk\/wp-json\/wp\/v2\/product\/2646"}],"collection":[{"href":"https:\/\/alcuservice.hu\/en_uk\/wp-json\/wp\/v2\/product"}],"about":[{"href":"https:\/\/alcuservice.hu\/en_uk\/wp-json\/wp\/v2\/types\/product"}],"wp:attachment":[{"href":"https:\/\/alcuservice.hu\/en_uk\/wp-json\/wp\/v2\/media?parent=2646"}],"wp:term":[{"taxonomy":"product_cat","embeddable":true,"href":"https:\/\/alcuservice.hu\/en_uk\/wp-json\/wp\/v2\/product_cat?post=2646"},{"taxonomy":"product_tag","embeddable":true,"href":"https:\/\/alcuservice.hu\/en_uk\/wp-json\/wp\/v2\/product_tag?post=2646"}],"curies":[{"name":"wp","href":"https:\/\/api.w.org\/{rel}","templated":true}]}}