{"id":2634,"date":"2021-01-27T10:54:58","date_gmt":"2021-01-27T09:54:58","guid":{"rendered":"http:\/\/alcuservice.hu\/?post_type=product&#038;p=2634"},"modified":"2021-01-27T10:54:58","modified_gmt":"2021-01-27T09:54:58","slug":"cu-ii-osztalyu-granulatum","status":"publish","type":"product","link":"https:\/\/alcuservice.hu\/en_uk\/product\/cu-ii-osztalyu-granulatum\/","title":{"rendered":"Cu- II.oszt\u00e1ly\u00fa granul\u00e1tum"},"content":{"rendered":"","protected":false},"excerpt":{"rendered":"","protected":false},"featured_media":0,"template":"","meta":{"_mi_skip_tracking":false},"product_cat":[126],"product_tag":[],"_links":{"self":[{"href":"https:\/\/alcuservice.hu\/en_uk\/wp-json\/wp\/v2\/product\/2634"}],"collection":[{"href":"https:\/\/alcuservice.hu\/en_uk\/wp-json\/wp\/v2\/product"}],"about":[{"href":"https:\/\/alcuservice.hu\/en_uk\/wp-json\/wp\/v2\/types\/product"}],"wp:attachment":[{"href":"https:\/\/alcuservice.hu\/en_uk\/wp-json\/wp\/v2\/media?parent=2634"}],"wp:term":[{"taxonomy":"product_cat","embeddable":true,"href":"https:\/\/alcuservice.hu\/en_uk\/wp-json\/wp\/v2\/product_cat?post=2634"},{"taxonomy":"product_tag","embeddable":true,"href":"https:\/\/alcuservice.hu\/en_uk\/wp-json\/wp\/v2\/product_tag?post=2634"}],"curies":[{"name":"wp","href":"https:\/\/api.w.org\/{rel}","templated":true}]}}