{"id":2613,"date":"2021-01-27T10:28:29","date_gmt":"2021-01-27T09:28:29","guid":{"rendered":"http:\/\/alcuservice.hu\/?post_type=product&#038;p=2613"},"modified":"2021-01-27T10:28:30","modified_gmt":"2021-01-27T09:28:30","slug":"vasuti-sin-hulladek","status":"publish","type":"product","link":"https:\/\/alcuservice.hu\/en_uk\/product\/vasuti-sin-hulladek\/","title":{"rendered":"Vas\u00fati s\u00edn hullad\u00e9k"},"content":{"rendered":"","protected":false},"excerpt":{"rendered":"<p>Jelentkezzen bem vagy regisztr\u00e1ljon!<\/p>","protected":false},"featured_media":0,"template":"","meta":{"_mi_skip_tracking":false},"product_cat":[125],"product_tag":[],"_links":{"self":[{"href":"https:\/\/alcuservice.hu\/en_uk\/wp-json\/wp\/v2\/product\/2613"}],"collection":[{"href":"https:\/\/alcuservice.hu\/en_uk\/wp-json\/wp\/v2\/product"}],"about":[{"href":"https:\/\/alcuservice.hu\/en_uk\/wp-json\/wp\/v2\/types\/product"}],"wp:attachment":[{"href":"https:\/\/alcuservice.hu\/en_uk\/wp-json\/wp\/v2\/media?parent=2613"}],"wp:term":[{"taxonomy":"product_cat","embeddable":true,"href":"https:\/\/alcuservice.hu\/en_uk\/wp-json\/wp\/v2\/product_cat?post=2613"},{"taxonomy":"product_tag","embeddable":true,"href":"https:\/\/alcuservice.hu\/en_uk\/wp-json\/wp\/v2\/product_tag?post=2613"}],"curies":[{"name":"wp","href":"https:\/\/api.w.org\/{rel}","templated":true}]}}