{"id":2534,"date":"2021-01-21T09:16:06","date_gmt":"2021-01-21T08:16:06","guid":{"rendered":"http:\/\/alcuservice.hu\/?post_type=product&#038;p=2534"},"modified":"2025-02-20T10:22:31","modified_gmt":"2025-02-20T09:22:31","slug":"haztartasi-sargarez-hulladek","status":"publish","type":"product","link":"https:\/\/alcuservice.hu\/en_uk\/product\/haztartasi-sargarez-hulladek\/","title":{"rendered":"S\u00e1rgar\u00e9z hullad\u00e9k 20 kg alatt"},"content":{"rendered":"","protected":false},"excerpt":{"rendered":"","protected":false},"featured_media":467,"template":"","meta":{"_mi_skip_tracking":false},"product_cat":[138],"product_tag":[145,152,150,141,142,151,144,140],"_links":{"self":[{"href":"https:\/\/alcuservice.hu\/en_uk\/wp-json\/wp\/v2\/product\/2534"}],"collection":[{"href":"https:\/\/alcuservice.hu\/en_uk\/wp-json\/wp\/v2\/product"}],"about":[{"href":"https:\/\/alcuservice.hu\/en_uk\/wp-json\/wp\/v2\/types\/product"}],"wp:featuredmedia":[{"embeddable":true,"href":"https:\/\/alcuservice.hu\/en_uk\/wp-json\/wp\/v2\/media\/467"}],"wp:attachment":[{"href":"https:\/\/alcuservice.hu\/en_uk\/wp-json\/wp\/v2\/media?parent=2534"}],"wp:term":[{"taxonomy":"product_cat","embeddable":true,"href":"https:\/\/alcuservice.hu\/en_uk\/wp-json\/wp\/v2\/product_cat?post=2534"},{"taxonomy":"product_tag","embeddable":true,"href":"https:\/\/alcuservice.hu\/en_uk\/wp-json\/wp\/v2\/product_tag?post=2534"}],"curies":[{"name":"wp","href":"https:\/\/api.w.org\/{rel}","templated":true}]}}