{"id":2528,"date":"2021-01-21T09:14:43","date_gmt":"2021-01-21T08:14:43","guid":{"rendered":"http:\/\/alcuservice.hu\/?post_type=product&#038;p=2528"},"modified":"2025-02-20T10:27:07","modified_gmt":"2025-02-20T09:27:07","slug":"alu-huto-vas-es-muanyag-mentes","status":"publish","type":"product","link":"https:\/\/alcuservice.hu\/en_uk\/product\/alu-huto-vas-es-muanyag-mentes\/","title":{"rendered":"Alu h\u0171t\u0151 vas \u00e9s m\u0171anyag mentes 20 Kg-t\u00f3l"},"content":{"rendered":"","protected":false},"excerpt":{"rendered":"","protected":false},"featured_media":460,"template":"","meta":{"_mi_skip_tracking":false},"product_cat":[138],"product_tag":[147,145,152,150,141,142,151,140],"_links":{"self":[{"href":"https:\/\/alcuservice.hu\/en_uk\/wp-json\/wp\/v2\/product\/2528"}],"collection":[{"href":"https:\/\/alcuservice.hu\/en_uk\/wp-json\/wp\/v2\/product"}],"about":[{"href":"https:\/\/alcuservice.hu\/en_uk\/wp-json\/wp\/v2\/types\/product"}],"wp:featuredmedia":[{"embeddable":true,"href":"https:\/\/alcuservice.hu\/en_uk\/wp-json\/wp\/v2\/media\/460"}],"wp:attachment":[{"href":"https:\/\/alcuservice.hu\/en_uk\/wp-json\/wp\/v2\/media?parent=2528"}],"wp:term":[{"taxonomy":"product_cat","embeddable":true,"href":"https:\/\/alcuservice.hu\/en_uk\/wp-json\/wp\/v2\/product_cat?post=2528"},{"taxonomy":"product_tag","embeddable":true,"href":"https:\/\/alcuservice.hu\/en_uk\/wp-json\/wp\/v2\/product_tag?post=2528"}],"curies":[{"name":"wp","href":"https:\/\/api.w.org\/{rel}","templated":true}]}}