{"id":2463,"date":"2021-01-05T12:11:18","date_gmt":"2021-01-05T11:11:18","guid":{"rendered":"http:\/\/alcuservice.hu\/?post_type=product&#038;p=2463"},"modified":"2021-01-26T11:59:45","modified_gmt":"2021-01-26T10:59:45","slug":"szerver-atveteli-arak","status":"publish","type":"product","link":"https:\/\/alcuservice.hu\/en_uk\/product\/szerver-atveteli-arak\/","title":{"rendered":"Szerver \u00e1tv\u00e9teli \u00e1rak"},"content":{"rendered":"","protected":false},"excerpt":{"rendered":"","protected":false},"featured_media":2386,"template":"","meta":{"_mi_skip_tracking":false},"product_cat":[139],"product_tag":[145,148,141],"_links":{"self":[{"href":"https:\/\/alcuservice.hu\/en_uk\/wp-json\/wp\/v2\/product\/2463"}],"collection":[{"href":"https:\/\/alcuservice.hu\/en_uk\/wp-json\/wp\/v2\/product"}],"about":[{"href":"https:\/\/alcuservice.hu\/en_uk\/wp-json\/wp\/v2\/types\/product"}],"wp:featuredmedia":[{"embeddable":true,"href":"https:\/\/alcuservice.hu\/en_uk\/wp-json\/wp\/v2\/media\/2386"}],"wp:attachment":[{"href":"https:\/\/alcuservice.hu\/en_uk\/wp-json\/wp\/v2\/media?parent=2463"}],"wp:term":[{"taxonomy":"product_cat","embeddable":true,"href":"https:\/\/alcuservice.hu\/en_uk\/wp-json\/wp\/v2\/product_cat?post=2463"},{"taxonomy":"product_tag","embeddable":true,"href":"https:\/\/alcuservice.hu\/en_uk\/wp-json\/wp\/v2\/product_tag?post=2463"}],"curies":[{"name":"wp","href":"https:\/\/api.w.org\/{rel}","templated":true}]}}