{"id":2457,"date":"2021-01-05T12:09:21","date_gmt":"2021-01-05T11:09:21","guid":{"rendered":"http:\/\/alcuservice.hu\/?post_type=product&#038;p=2457"},"modified":"2021-01-26T11:59:45","modified_gmt":"2021-01-26T10:59:45","slug":"bovitokartyak-magnesezheto-fem-es-alu-hutoborda-nelkul","status":"publish","type":"product","link":"https:\/\/alcuservice.hu\/en_uk\/product\/bovitokartyak-magnesezheto-fem-es-alu-hutoborda-nelkul\/","title":{"rendered":"B\u0151v\u00edt\u0151k\u00e1rty\u00e1k m\u00e1gnesezhet\u0151 f\u00e9m \u00e9s alu h\u0171t\u0151borda n\u00e9lk\u00fcl"},"content":{"rendered":"","protected":false},"excerpt":{"rendered":"","protected":false},"featured_media":2367,"template":"","meta":{"_mi_skip_tracking":false},"product_cat":[139],"product_tag":[145,148,141],"_links":{"self":[{"href":"https:\/\/alcuservice.hu\/en_uk\/wp-json\/wp\/v2\/product\/2457"}],"collection":[{"href":"https:\/\/alcuservice.hu\/en_uk\/wp-json\/wp\/v2\/product"}],"about":[{"href":"https:\/\/alcuservice.hu\/en_uk\/wp-json\/wp\/v2\/types\/product"}],"wp:featuredmedia":[{"embeddable":true,"href":"https:\/\/alcuservice.hu\/en_uk\/wp-json\/wp\/v2\/media\/2367"}],"wp:attachment":[{"href":"https:\/\/alcuservice.hu\/en_uk\/wp-json\/wp\/v2\/media?parent=2457"}],"wp:term":[{"taxonomy":"product_cat","embeddable":true,"href":"https:\/\/alcuservice.hu\/en_uk\/wp-json\/wp\/v2\/product_cat?post=2457"},{"taxonomy":"product_tag","embeddable":true,"href":"https:\/\/alcuservice.hu\/en_uk\/wp-json\/wp\/v2\/product_tag?post=2457"}],"curies":[{"name":"wp","href":"https:\/\/api.w.org\/{rel}","templated":true}]}}