{"id":2455,"date":"2021-01-05T12:08:46","date_gmt":"2021-01-05T11:08:46","guid":{"rendered":"http:\/\/alcuservice.hu\/?post_type=product&#038;p=2455"},"modified":"2021-01-26T11:59:45","modified_gmt":"2021-01-26T10:59:45","slug":"regi-generacios-alaplap-p1-p3","status":"publish","type":"product","link":"https:\/\/alcuservice.hu\/en_uk\/product\/regi-generacios-alaplap-p1-p3\/","title":{"rendered":"R\u00e9gi gener\u00e1ci\u00f3s alaplap P1-P3"},"content":{"rendered":"","protected":false},"excerpt":{"rendered":"","protected":false},"featured_media":2376,"template":"","meta":{"_mi_skip_tracking":false},"product_cat":[139],"product_tag":[145,148,141],"_links":{"self":[{"href":"https:\/\/alcuservice.hu\/en_uk\/wp-json\/wp\/v2\/product\/2455"}],"collection":[{"href":"https:\/\/alcuservice.hu\/en_uk\/wp-json\/wp\/v2\/product"}],"about":[{"href":"https:\/\/alcuservice.hu\/en_uk\/wp-json\/wp\/v2\/types\/product"}],"wp:featuredmedia":[{"embeddable":true,"href":"https:\/\/alcuservice.hu\/en_uk\/wp-json\/wp\/v2\/media\/2376"}],"wp:attachment":[{"href":"https:\/\/alcuservice.hu\/en_uk\/wp-json\/wp\/v2\/media?parent=2455"}],"wp:term":[{"taxonomy":"product_cat","embeddable":true,"href":"https:\/\/alcuservice.hu\/en_uk\/wp-json\/wp\/v2\/product_cat?post=2455"},{"taxonomy":"product_tag","embeddable":true,"href":"https:\/\/alcuservice.hu\/en_uk\/wp-json\/wp\/v2\/product_tag?post=2455"}],"curies":[{"name":"wp","href":"https:\/\/api.w.org\/{rel}","templated":true}]}}