{"id":2422,"date":"2021-01-05T11:24:55","date_gmt":"2021-01-05T10:24:55","guid":{"rendered":"http:\/\/alcuservice.hu\/?post_type=product&#038;p=2422"},"modified":"2021-01-26T11:59:47","modified_gmt":"2021-01-26T10:59:47","slug":"szamitogep-csatlakozo","status":"publish","type":"product","link":"https:\/\/alcuservice.hu\/en_uk\/product\/szamitogep-csatlakozo\/","title":{"rendered":"Sz\u00e1m\u00edt\u00f3g\u00e9p csatlakoz\u00f3"},"content":{"rendered":"","protected":false},"excerpt":{"rendered":"<p>k\u00e1bel n\u00e9lk\u00fcl<\/p>","protected":false},"featured_media":2388,"template":"","meta":{"_mi_skip_tracking":false},"product_cat":[139],"product_tag":[145,148,141],"_links":{"self":[{"href":"https:\/\/alcuservice.hu\/en_uk\/wp-json\/wp\/v2\/product\/2422"}],"collection":[{"href":"https:\/\/alcuservice.hu\/en_uk\/wp-json\/wp\/v2\/product"}],"about":[{"href":"https:\/\/alcuservice.hu\/en_uk\/wp-json\/wp\/v2\/types\/product"}],"wp:featuredmedia":[{"embeddable":true,"href":"https:\/\/alcuservice.hu\/en_uk\/wp-json\/wp\/v2\/media\/2388"}],"wp:attachment":[{"href":"https:\/\/alcuservice.hu\/en_uk\/wp-json\/wp\/v2\/media?parent=2422"}],"wp:term":[{"taxonomy":"product_cat","embeddable":true,"href":"https:\/\/alcuservice.hu\/en_uk\/wp-json\/wp\/v2\/product_cat?post=2422"},{"taxonomy":"product_tag","embeddable":true,"href":"https:\/\/alcuservice.hu\/en_uk\/wp-json\/wp\/v2\/product_tag?post=2422"}],"curies":[{"name":"wp","href":"https:\/\/api.w.org\/{rel}","templated":true}]}}