{"id":2418,"date":"2021-01-05T11:18:45","date_gmt":"2021-01-05T10:18:45","guid":{"rendered":"http:\/\/alcuservice.hu\/?post_type=product&#038;p=2418"},"modified":"2021-01-26T11:59:47","modified_gmt":"2021-01-26T10:59:47","slug":"mobiltelefon-alaplap","status":"publish","type":"product","link":"https:\/\/alcuservice.hu\/en_uk\/product\/mobiltelefon-alaplap\/","title":{"rendered":"Mobiltelefon alaplap"},"content":{"rendered":"<p>Kijelz\u0151 \u00e9s alu n\u00e9lk\u00fcl<\/p>","protected":false},"excerpt":{"rendered":"<p>Kijelz\u0151 \u00e9s alu n\u00e9lk\u00fcl<\/p>","protected":false},"featured_media":2383,"template":"","meta":{"_mi_skip_tracking":false},"product_cat":[139],"product_tag":[145,148,141],"_links":{"self":[{"href":"https:\/\/alcuservice.hu\/en_uk\/wp-json\/wp\/v2\/product\/2418"}],"collection":[{"href":"https:\/\/alcuservice.hu\/en_uk\/wp-json\/wp\/v2\/product"}],"about":[{"href":"https:\/\/alcuservice.hu\/en_uk\/wp-json\/wp\/v2\/types\/product"}],"wp:featuredmedia":[{"embeddable":true,"href":"https:\/\/alcuservice.hu\/en_uk\/wp-json\/wp\/v2\/media\/2383"}],"wp:attachment":[{"href":"https:\/\/alcuservice.hu\/en_uk\/wp-json\/wp\/v2\/media?parent=2418"}],"wp:term":[{"taxonomy":"product_cat","embeddable":true,"href":"https:\/\/alcuservice.hu\/en_uk\/wp-json\/wp\/v2\/product_cat?post=2418"},{"taxonomy":"product_tag","embeddable":true,"href":"https:\/\/alcuservice.hu\/en_uk\/wp-json\/wp\/v2\/product_tag?post=2418"}],"curies":[{"name":"wp","href":"https:\/\/api.w.org\/{rel}","templated":true}]}}