{"id":1673,"date":"2019-04-02T09:48:33","date_gmt":"2019-04-02T08:48:33","guid":{"rendered":"http:\/\/alcuservice.hu\/termek\/import-placeholder-for-1515\/"},"modified":"2021-01-27T10:54:20","modified_gmt":"2021-01-27T09:54:20","slug":"vorosrez-nyuzott-fenyes-kabel","status":"publish","type":"product","link":"https:\/\/alcuservice.hu\/en_uk\/product\/vorosrez-nyuzott-fenyes-kabel\/","title":{"rendered":"Cu- I. oszt\u00e1ly\u00fa granul\u00e1tum"},"content":{"rendered":"","protected":false},"excerpt":{"rendered":"<p><a href=\"https:\/\/alcuservice.hu\/en_uk\/bejelentkezes\/\">Jelentkezzen be<\/a> vagy <a href=\"https:\/\/alcuservice.hu\/en_uk\/regisztracio\/\">regisztr\u00e1ljon<\/a>!<\/p>","protected":false},"featured_media":0,"template":"","meta":{"_mi_skip_tracking":false},"product_cat":[126],"product_tag":[],"_links":{"self":[{"href":"https:\/\/alcuservice.hu\/en_uk\/wp-json\/wp\/v2\/product\/1673"}],"collection":[{"href":"https:\/\/alcuservice.hu\/en_uk\/wp-json\/wp\/v2\/product"}],"about":[{"href":"https:\/\/alcuservice.hu\/en_uk\/wp-json\/wp\/v2\/types\/product"}],"wp:attachment":[{"href":"https:\/\/alcuservice.hu\/en_uk\/wp-json\/wp\/v2\/media?parent=1673"}],"wp:term":[{"taxonomy":"product_cat","embeddable":true,"href":"https:\/\/alcuservice.hu\/en_uk\/wp-json\/wp\/v2\/product_cat?post=1673"},{"taxonomy":"product_tag","embeddable":true,"href":"https:\/\/alcuservice.hu\/en_uk\/wp-json\/wp\/v2\/product_tag?post=1673"}],"curies":[{"name":"wp","href":"https:\/\/api.w.org\/{rel}","templated":true}]}}