{"id":3258,"date":"2022-08-08T22:26:01","date_gmt":"2022-08-08T21:26:01","guid":{"rendered":"https:\/\/alcuservice.hu\/?page_id=3258"},"modified":"2022-08-08T22:33:04","modified_gmt":"2022-08-08T21:33:04","slug":"letoltheto-lakossagi-arlista","status":"publish","type":"page","link":"https:\/\/alcuservice.hu\/en_uk\/letoltheto-lakossagi-arlista\/","title":{"rendered":"Let\u00f6lthet\u0151 lakoss\u00e1gi \u00e1rlista"},"content":{"rendered":"","protected":false},"excerpt":{"rendered":"","protected":false},"author":15,"featured_media":0,"parent":0,"menu_order":0,"comment_status":"closed","ping_status":"closed","template":"","meta":{"_mi_skip_tracking":false},"_links":{"self":[{"href":"https:\/\/alcuservice.hu\/en_uk\/wp-json\/wp\/v2\/pages\/3258"}],"collection":[{"href":"https:\/\/alcuservice.hu\/en_uk\/wp-json\/wp\/v2\/pages"}],"about":[{"href":"https:\/\/alcuservice.hu\/en_uk\/wp-json\/wp\/v2\/types\/page"}],"author":[{"embeddable":true,"href":"https:\/\/alcuservice.hu\/en_uk\/wp-json\/wp\/v2\/users\/15"}],"replies":[{"embeddable":true,"href":"https:\/\/alcuservice.hu\/en_uk\/wp-json\/wp\/v2\/comments?post=3258"}],"version-history":[{"count":1,"href":"https:\/\/alcuservice.hu\/en_uk\/wp-json\/wp\/v2\/pages\/3258\/revisions"}],"predecessor-version":[{"id":3259,"href":"https:\/\/alcuservice.hu\/en_uk\/wp-json\/wp\/v2\/pages\/3258\/revisions\/3259"}],"wp:attachment":[{"href":"https:\/\/alcuservice.hu\/en_uk\/wp-json\/wp\/v2\/media?parent=3258"}],"curies":[{"name":"wp","href":"https:\/\/api.w.org\/{rel}","templated":true}]}}