{"id":2702,"date":"2021-04-14T10:04:00","date_gmt":"2021-04-14T09:04:00","guid":{"rendered":"https:\/\/alcuservice.hu\/?page_id=2702"},"modified":"2021-04-14T10:31:13","modified_gmt":"2021-04-14T09:31:13","slug":"muanyag-hulladekok","status":"publish","type":"page","link":"https:\/\/alcuservice.hu\/en_uk\/muanyag-hulladekok\/","title":{"rendered":"M\u0171anyag hullad\u00e9kok"},"content":{"rendered":"<div data-elementor-type=\"wp-page\" data-elementor-id=\"2702\" class=\"elementor elementor-2702\">\n\t\t\t\t\t\t<div class=\"elementor-inner\">\n\t\t\t\t<div class=\"elementor-section-wrap\">\n\t\t\t\t\t\t\t\t\t<section class=\"elementor-section elementor-top-section elementor-element elementor-element-22e1dae elementor-section-boxed elementor-section-height-default elementor-section-height-default\" data-id=\"22e1dae\" data-element_type=\"section\">\n\t\t\t\t\t\t<div class=\"elementor-container elementor-column-gap-default\">\n\t\t\t\t\t\t\t<div class=\"elementor-row\">\n\t\t\t\t\t<div class=\"elementor-column elementor-col-100 elementor-top-column elementor-element elementor-element-cd9501d\" data-id=\"cd9501d\" data-element_type=\"column\">\n\t\t\t<div class=\"elementor-column-wrap\">\n\t\t\t\t\t\t\t<div class=\"elementor-widget-wrap\">\n\t\t\t\t\t\t\t\t<\/div>\n\t\t\t\t\t<\/div>\n\t\t<\/div>\n\t\t\t\t\t\t\t\t<\/div>\n\t\t\t\t\t<\/div>\n\t\t<\/section>\n\t\t\t\t<section class=\"elementor-section elementor-top-section elementor-element elementor-element-7d68e40 elementor-section-height-min-height elementor-section-stretched elementor-section-boxed elementor-section-height-default elementor-section-items-middle\" data-id=\"7d68e40\" data-element_type=\"section\" data-settings=\"{&quot;stretch_section&quot;:&quot;section-stretched&quot;,&quot;background_background&quot;:&quot;classic&quot;}\">\n\t\t\t\t\t\t<div class=\"elementor-container elementor-column-gap-default\">\n\t\t\t\t\t\t\t<div class=\"elementor-row\">\n\t\t\t\t\t<div class=\"elementor-column elementor-col-100 elementor-top-column elementor-element elementor-element-17ff10f\" data-id=\"17ff10f\" data-element_type=\"column\">\n\t\t\t<div class=\"elementor-column-wrap elementor-element-populated\">\n\t\t\t\t\t\t\t<div class=\"elementor-widget-wrap\">\n\t\t\t\t\t\t<div class=\"elementor-element elementor-element-60c3dc4 elementor-widget elementor-widget-heading\" data-id=\"60c3dc4\" data-element_type=\"widget\" data-widget_type=\"heading.default\">\n\t\t\t\t<div class=\"elementor-widget-container\">\n\t\t\t<h2 class=\"elementor-heading-title elementor-size-default\">M\u0170ANYAG HULLAD\u00c9K FELV\u00c1S\u00c1RL\u00c1S \/ BEGY\u0170JT\u00c9S<\/h2>\t\t<\/div>\n\t\t\t\t<\/div>\n\t\t\t\t\t\t<\/div>\n\t\t\t\t\t<\/div>\n\t\t<\/div>\n\t\t\t\t\t\t\t\t<\/div>\n\t\t\t\t\t<\/div>\n\t\t<\/section>\n\t\t\t\t<section class=\"elementor-section elementor-top-section elementor-element elementor-element-ab96ea3 elementor-section-boxed elementor-section-height-default elementor-section-height-default\" data-id=\"ab96ea3\" data-element_type=\"section\">\n\t\t\t\t\t\t<div class=\"elementor-container elementor-column-gap-default\">\n\t\t\t\t\t\t\t<div class=\"elementor-row\">\n\t\t\t\t\t<div class=\"elementor-column elementor-col-100 elementor-top-column elementor-element elementor-element-6ad1ab8\" data-id=\"6ad1ab8\" data-element_type=\"column\">\n\t\t\t<div class=\"elementor-column-wrap elementor-element-populated\">\n\t\t\t\t\t\t\t<div class=\"elementor-widget-wrap\">\n\t\t\t\t\t\t<section class=\"elementor-section elementor-inner-section elementor-element elementor-element-57761f2 elementor-section-boxed elementor-section-height-default elementor-section-height-default\" data-id=\"57761f2\" data-element_type=\"section\">\n\t\t\t\t\t\t<div class=\"elementor-container elementor-column-gap-default\">\n\t\t\t\t\t\t\t<div class=\"elementor-row\">\n\t\t\t\t\t<div class=\"elementor-column elementor-col-100 elementor-inner-column elementor-element elementor-element-f9151a8\" data-id=\"f9151a8\" data-element_type=\"column\">\n\t\t\t<div class=\"elementor-column-wrap elementor-element-populated\">\n\t\t\t\t\t\t\t<div class=\"elementor-widget-wrap\">\n\t\t\t\t\t\t<div class=\"elementor-element elementor-element-f726a8c elementor-widget elementor-widget-text-editor\" data-id=\"f726a8c\" data-element_type=\"widget\" data-widget_type=\"text-editor.default\">\n\t\t\t\t<div class=\"elementor-widget-container\">\n\t\t\t\t\t\t\t\t<div class=\"elementor-text-editor elementor-clearfix\">\n\t\t\t\t<p>C\u00e9g\u00fcnk f\u0151 tev\u00e9kenys\u00e9ge az elektronikai- \u00e9s f\u00e9mhullad\u00e9k felv\u00e1s\u00e1rl\u00e1sa mellet a k\u00fcl\u00f6nb\u00f6z\u0151 t\u00edpus\u00fa \u00fajrahasznos\u00edt\u00e1sa alkalmas hullad\u00e9kok telephelyi gy\u0171jt\u00e9se \u00e9s felv\u00e1s\u00e1rl\u00e1sa. Az \u00e1ltalunk keresett alapanyagok (darabos m\u0171anyag, m\u0171szaki-, termel\u00e9sk\u00f6zi- \u00e9s selejt m\u0171anyag, engusz, \u00f6mleny, dar\u00e1l\u00e9k, granul\u00e1tum, regranul\u00e1tum), melyek sz\u00e1rmazhatnak csomagol\u00e1sb\u00f3l, ipari tev\u00e9kenys\u00e9gb\u0151l \u00e9s kereskedelemb\u0151l.<\/p><p><strong>Ipari partnereink sz\u00e1m\u00e1ra biztos\u00edtjuk a termel\u00e9s\u00fck sor\u00e1n keletkez\u0151 m\u0171anyagok teljesk\u00f6r\u0171 kezel\u00e9s\u00e9t a begy\u0171jt\u00e9st\u0151l az elsz\u00e1ll\u00edt\u00e1son \u00e1t a hasznos\u00edt\u00e1sig a t\u00f6rv\u00e9nyi el\u0151\u00edr\u00e1soknak megfelel\u0151en.<\/strong><\/p><h2>PE, PP, PS, PA, PC, PE-HD, PE-LD, PP+EPDM, PC+PBT, ABS, LD-PE, HDPE, PC-ABS, PMMA, PVC, PA6, PA6.6, stb<\/h2><p><em><strong>Polietil\u00e9n, \u00e9s polipropil\u00e9n hullad\u00e9kok:<\/strong><\/em><\/p><ul><li>l\u00f6kh\u00e1r\u00edt\u00f3, burkolatok<\/li><li>rekeszek, l\u00e1d\u00e1k, hord\u00f3k, tart\u00e1lyok<\/li><li>kann\u00e1k, flakonok, kupakok<\/li><li>t\u00e1lc\u00e1k, l\u00e1d\u00e1k<\/li><li>raklapok<\/li><li>cs\u00f6vek, lemezek<\/li><li>egy\u00e9b fr\u00f6ccs\u00f6nt\u00f6tt hullad\u00e9kok<\/li><li>v\u00f6dr\u00f6k<\/li><li>kerti b\u00fatorok, &#8230;<\/li><\/ul><p><em><strong>LD-PE hullad\u00e9kok:<\/strong><\/em><\/p><ul><li>nat\u00far- \u00e9s sz\u00ednes f\u00f3li\u00e1k b\u00e1l\u00e1zva \u00e9s \u00f6mlesztve<\/li><\/ul><p><em><strong>ABS \u00e9s PS hullad\u00e9kok:<\/strong><\/em><\/p><ul><li>k\u00fcl\u00f6nb\u0151z\u0151 idomok<\/li><li>m\u0171szaki alkatr\u00e9szek<\/li><li>logisztikai t\u00e1lc\u00e1k<\/li><li>bor\u00edt\u00e1sok<\/li><li>t\u00e1rcs\u00e1k, &#8230;<\/li><\/ul><p><em><strong>PVC hullad\u00e9kok:<\/strong><\/em><\/p><ul><li>feh\u00e9r ablakkeretek<\/li><li>sz\u00fcrke \u00e9s s\u00e1rga cs\u00f6vek<\/li><li>profilok \u00e9s idomok, &#8230;<\/li><\/ul><h4>\u00a0<\/h4><h4 style=\"text-align: center;\"><strong>A felv\u00e1s\u00e1roland\u00f3 hullad\u00e9kokkal szemben t\u00e1masztott k\u00f6vetelm\u00e9nyek<\/strong><\/h4><ul><li>Anyagfajt\u00e1ra t\u00f6rt\u00e9n\u0151 sz\u00e9tv\u00e1logatotts\u00e1g<\/li><li>Tiszt\u00edtotts\u00e1g<\/li><li>Eg\u00e9szs\u00e9gre \u00e1rtalmas, illetve vesz\u00e9lyes anyagokt\u00f3l val\u00f3 mentess\u00e9g<\/li><\/ul><h4>\u00a0<\/h4><h4 style=\"text-align: center;\">Telephelyi \u00e1tv\u00e9tellel-, \u00e1raj\u00e1nlattal \u00e9s elsz\u00e1ll\u00edt\u00e1ssal kapcsolatban keressen bizalommal az <a title=\"Contacts\" href=\"https:\/\/alcuservice.hu\/en_uk\/elerhetosegek\/\">el\u00e9rhet\u0151s\u00e9geinken<\/a>.<\/h4>\t\t\t\t\t<\/div>\n\t\t\t\t\t\t<\/div>\n\t\t\t\t<\/div>\n\t\t\t\t\t\t<\/div>\n\t\t\t\t\t<\/div>\n\t\t<\/div>\n\t\t\t\t\t\t\t\t<\/div>\n\t\t\t\t\t<\/div>\n\t\t<\/section>\n\t\t\t\t\t\t<\/div>\n\t\t\t\t\t<\/div>\n\t\t<\/div>\n\t\t\t\t\t\t\t\t<\/div>\n\t\t\t\t\t<\/div>\n\t\t<\/section>\n\t\t\t\t\t\t\t\t\t<\/div>\n\t\t\t<\/div>\n\t\t\t\t\t<\/div>","protected":false},"excerpt":{"rendered":"<p>M\u0170ANYAG HULLAD\u00c9K FELV\u00c1S\u00c1RL\u00c1S \/ BEGY\u0170JT\u00c9S C\u00e9g\u00fcnk f\u0151 tev\u00e9kenys\u00e9ge az elektronikai- \u00e9s f\u00e9mhullad\u00e9k felv\u00e1s\u00e1rl\u00e1sa mellet a k\u00fcl\u00f6nb\u00f6z\u0151 t\u00edpus\u00fa \u00fajrahasznos\u00edt\u00e1sa alkalmas hullad\u00e9kok telephelyi gy\u0171jt\u00e9se \u00e9s felv\u00e1s\u00e1rl\u00e1sa. Az \u00e1ltalunk keresett alapanyagok (darabos m\u0171anyag, m\u0171szaki-, termel\u00e9sk\u00f6zi- \u00e9s selejt m\u0171anyag, engusz, \u00f6mleny, dar\u00e1l\u00e9k, granul\u00e1tum, regranul\u00e1tum), melyek sz\u00e1rmazhatnak csomagol\u00e1sb\u00f3l, ipari tev\u00e9kenys\u00e9gb\u0151l \u00e9s kereskedelemb\u0151l. Ipari partnereink sz\u00e1m\u00e1ra biztos\u00edtjuk a termel\u00e9s\u00fck sor\u00e1n keletkez\u0151 [&hellip;]<\/p>","protected":false},"author":1,"featured_media":0,"parent":0,"menu_order":0,"comment_status":"closed","ping_status":"closed","template":"","meta":{"_mi_skip_tracking":false},"_links":{"self":[{"href":"https:\/\/alcuservice.hu\/en_uk\/wp-json\/wp\/v2\/pages\/2702"}],"collection":[{"href":"https:\/\/alcuservice.hu\/en_uk\/wp-json\/wp\/v2\/pages"}],"about":[{"href":"https:\/\/alcuservice.hu\/en_uk\/wp-json\/wp\/v2\/types\/page"}],"author":[{"embeddable":true,"href":"https:\/\/alcuservice.hu\/en_uk\/wp-json\/wp\/v2\/users\/1"}],"replies":[{"embeddable":true,"href":"https:\/\/alcuservice.hu\/en_uk\/wp-json\/wp\/v2\/comments?post=2702"}],"version-history":[{"count":9,"href":"https:\/\/alcuservice.hu\/en_uk\/wp-json\/wp\/v2\/pages\/2702\/revisions"}],"predecessor-version":[{"id":2711,"href":"https:\/\/alcuservice.hu\/en_uk\/wp-json\/wp\/v2\/pages\/2702\/revisions\/2711"}],"wp:attachment":[{"href":"https:\/\/alcuservice.hu\/en_uk\/wp-json\/wp\/v2\/media?parent=2702"}],"curies":[{"name":"wp","href":"https:\/\/api.w.org\/{rel}","templated":true}]}}