{"id":1363,"date":"2019-03-29T11:38:41","date_gmt":"2019-03-29T10:38:41","guid":{"rendered":"http:\/\/alcuservice.hu\/?page_id=1363"},"modified":"2019-03-29T11:51:05","modified_gmt":"2019-03-29T10:51:05","slug":"registration-options","status":"publish","type":"page","link":"https:\/\/alcuservice.hu\/en_uk\/registration-options\/","title":{"rendered":"Registration Options"},"content":{"rendered":"<div data-elementor-type=\"wp-post\" data-elementor-id=\"1363\" class=\"elementor elementor-1363\">\n\t\t\t\t\t\t<div class=\"elementor-inner\">\n\t\t\t\t<div class=\"elementor-section-wrap\">\n\t\t\t\t\t\t\t\t\t<section class=\"elementor-section elementor-top-section elementor-element elementor-element-498cfb0 elementor-section-stretched elementor-section-height-min-height elementor-section-boxed elementor-section-height-default elementor-section-items-middle\" data-id=\"498cfb0\" data-element_type=\"section\" data-settings=\"{&quot;stretch_section&quot;:&quot;section-stretched&quot;,&quot;background_background&quot;:&quot;classic&quot;}\">\n\t\t\t\t\t\t\t<div class=\"elementor-background-overlay\"><\/div>\n\t\t\t\t\t\t\t<div class=\"elementor-container elementor-column-gap-default\">\n\t\t\t\t\t\t\t<div class=\"elementor-row\">\n\t\t\t\t\t<div class=\"elementor-column elementor-col-100 elementor-top-column elementor-element elementor-element-0918699\" data-id=\"0918699\" data-element_type=\"column\">\n\t\t\t<div class=\"elementor-column-wrap elementor-element-populated\">\n\t\t\t\t\t\t\t<div class=\"elementor-widget-wrap\">\n\t\t\t\t\t\t<div class=\"elementor-element elementor-element-e98a1b5 elementor-widget elementor-widget-heading\" data-id=\"e98a1b5\" data-element_type=\"widget\" data-widget_type=\"heading.default\">\n\t\t\t\t<div class=\"elementor-widget-container\">\n\t\t\t<h4 class=\"elementor-heading-title elementor-size-default\">T\u00e1j\u00e9koztat\u00f3<\/h4>\t\t<\/div>\n\t\t\t\t<\/div>\n\t\t\t\t<div class=\"elementor-element elementor-element-81751bf elementor-widget elementor-widget-heading\" data-id=\"81751bf\" data-element_type=\"widget\" data-widget_type=\"heading.default\">\n\t\t\t\t<div class=\"elementor-widget-container\">\n\t\t\t<h2 class=\"elementor-heading-title elementor-size-default\">regisztr\u00e1ci\u00f3 j\u00f3v\u00e1hagy\u00e1s\u00e1r\u00f3l<\/h2>\t\t<\/div>\n\t\t\t\t<\/div>\n\t\t\t\t\t\t<\/div>\n\t\t\t\t\t<\/div>\n\t\t<\/div>\n\t\t\t\t\t\t\t\t<\/div>\n\t\t\t\t\t<\/div>\n\t\t<\/section>\n\t\t\t\t<section class=\"elementor-section elementor-top-section elementor-element elementor-element-2313ed8 elementor-section-boxed elementor-section-height-default elementor-section-height-default\" data-id=\"2313ed8\" data-element_type=\"section\">\n\t\t\t\t\t\t<div class=\"elementor-container elementor-column-gap-default\">\n\t\t\t\t\t\t\t<div class=\"elementor-row\">\n\t\t\t\t\t<div class=\"elementor-column elementor-col-33 elementor-top-column elementor-element elementor-element-a6aaccd\" data-id=\"a6aaccd\" data-element_type=\"column\">\n\t\t\t<div class=\"elementor-column-wrap\">\n\t\t\t\t\t\t\t<div class=\"elementor-widget-wrap\">\n\t\t\t\t\t\t\t\t<\/div>\n\t\t\t\t\t<\/div>\n\t\t<\/div>\n\t\t\t\t<div class=\"elementor-column elementor-col-33 elementor-top-column elementor-element elementor-element-b05a729\" data-id=\"b05a729\" data-element_type=\"column\">\n\t\t\t<div class=\"elementor-column-wrap elementor-element-populated\">\n\t\t\t\t\t\t\t<div class=\"elementor-widget-wrap\">\n\t\t\t\t\t\t<div class=\"elementor-element elementor-element-eb3020d elementor-widget elementor-widget-text-editor\" data-id=\"eb3020d\" data-element_type=\"widget\" data-widget_type=\"text-editor.default\">\n\t\t\t\t<div class=\"elementor-widget-container\">\n\t\t\t\t\t\t\t\t<div class=\"elementor-text-editor elementor-clearfix\">\n\t\t\t\t<p>K\u00f6sz\u00f6nj\u00fck regisztr\u00e1ci\u00f3j\u00e1t!<\/p>\n<p class=\"bodytext\">A v\u00e1llalati fel\u00fcletre csak a regisztr\u00e1ci\u00f3 j\u00f3v\u00e1hagy\u00e1sa ut\u00e1n lehets\u00e9ges bel\u00e9pni.<\/p>\n<p class=\"bodytext\">A regisztr\u00e1ci\u00f3 elk\u00fcld\u00e9se ut\u00e1n egy automatikus lev\u00e9lben igazoljuk vissza annak be\u00e9rkez\u00e9s\u00e9t, azonban a regisztr\u00e1ci\u00f3 j\u00f3v\u00e1hagy\u00e1s\u00e1ig bel\u00e9pni nem lehet.<\/p>\n<p class=\"bodytext\">A regisztr\u00e1ci\u00f3k feldolgoz\u00e1sa c\u00e9g\u00fcnk nyitvatart\u00e1si idej\u00e9ben t\u00f6rt\u00e9nik, \u00edgy az ezen id\u0151szakon k\u00edv\u00fcl be\u00e9rkez\u0151 k\u00e9relmeket a k\u00f6vetkez\u0151 munkanapon dolgozzuk fel.<\/p>\n<p class=\"bodytext\">A regisztr\u00e1lt adatokat munkat\u00e1rsaink ellen\u0151rzik.<br>A regisztr\u00e1ci\u00f3 j\u00f3v\u00e1hagy\u00e1s\u00e1r\u00f3l vagy esetleges elutas\u00edt\u00e1s\u00e1r\u00f3l elektronikus lev\u00e9lben k\u00fcld\u00fcnk \u00e9rtes\u00edt\u00e9st.<\/p>\n<p>\u00dcdv\u00f6zlettel:<\/p>\n<p>Al-Cu Service Kft.<\/p>\t\t\t\t\t<\/div>\n\t\t\t\t\t\t<\/div>\n\t\t\t\t<\/div>\n\t\t\t\t\t\t<\/div>\n\t\t\t\t\t<\/div>\n\t\t<\/div>\n\t\t\t\t<div class=\"elementor-column elementor-col-33 elementor-top-column elementor-element elementor-element-d221482\" data-id=\"d221482\" data-element_type=\"column\">\n\t\t\t<div class=\"elementor-column-wrap\">\n\t\t\t\t\t\t\t<div class=\"elementor-widget-wrap\">\n\t\t\t\t\t\t\t\t<\/div>\n\t\t\t\t\t<\/div>\n\t\t<\/div>\n\t\t\t\t\t\t\t\t<\/div>\n\t\t\t\t\t<\/div>\n\t\t<\/section>\n\t\t\t\t\t\t\t\t\t<\/div>\n\t\t\t<\/div>\n\t\t\t\t\t<\/div>","protected":false},"excerpt":{"rendered":"<p>T\u00e1j\u00e9koztat\u00f3 regisztr\u00e1ci\u00f3 j\u00f3v\u00e1hagy\u00e1s\u00e1r\u00f3l K\u00f6sz\u00f6nj\u00fck regisztr\u00e1ci\u00f3j\u00e1t! A v\u00e1llalati fel\u00fcletre csak a regisztr\u00e1ci\u00f3 j\u00f3v\u00e1hagy\u00e1sa ut\u00e1n lehets\u00e9ges bel\u00e9pni. A regisztr\u00e1ci\u00f3 elk\u00fcld\u00e9se ut\u00e1n egy automatikus lev\u00e9lben igazoljuk vissza annak be\u00e9rkez\u00e9s\u00e9t, azonban a regisztr\u00e1ci\u00f3 j\u00f3v\u00e1hagy\u00e1s\u00e1ig bel\u00e9pni nem lehet. A regisztr\u00e1ci\u00f3k feldolgoz\u00e1sa c\u00e9g\u00fcnk nyitvatart\u00e1si idej\u00e9ben t\u00f6rt\u00e9nik, \u00edgy az ezen id\u0151szakon k\u00edv\u00fcl be\u00e9rkez\u0151 k\u00e9relmeket a k\u00f6vetkez\u0151 munkanapon dolgozzuk fel. A regisztr\u00e1lt adatokat [&hellip;]<\/p>","protected":false},"author":1,"featured_media":0,"parent":0,"menu_order":0,"comment_status":"closed","ping_status":"closed","template":"","meta":{"_mi_skip_tracking":false},"_links":{"self":[{"href":"https:\/\/alcuservice.hu\/en_uk\/wp-json\/wp\/v2\/pages\/1363"}],"collection":[{"href":"https:\/\/alcuservice.hu\/en_uk\/wp-json\/wp\/v2\/pages"}],"about":[{"href":"https:\/\/alcuservice.hu\/en_uk\/wp-json\/wp\/v2\/types\/page"}],"author":[{"embeddable":true,"href":"https:\/\/alcuservice.hu\/en_uk\/wp-json\/wp\/v2\/users\/1"}],"replies":[{"embeddable":true,"href":"https:\/\/alcuservice.hu\/en_uk\/wp-json\/wp\/v2\/comments?post=1363"}],"version-history":[{"count":4,"href":"https:\/\/alcuservice.hu\/en_uk\/wp-json\/wp\/v2\/pages\/1363\/revisions"}],"predecessor-version":[{"id":1372,"href":"https:\/\/alcuservice.hu\/en_uk\/wp-json\/wp\/v2\/pages\/1363\/revisions\/1372"}],"wp:attachment":[{"href":"https:\/\/alcuservice.hu\/en_uk\/wp-json\/wp\/v2\/media?parent=1363"}],"curies":[{"name":"wp","href":"https:\/\/api.w.org\/{rel}","templated":true}]}}